{"id":21827,"date":"2022-10-17T10:49:32","date_gmt":"2022-10-17T08:49:32","guid":{"rendered":"https:\/\/fibgar.es\/corruption-and-organized-crime\/"},"modified":"2023-08-28T15:20:33","modified_gmt":"2023-08-28T13:20:33","slug":"corruption-and-organized-crime","status":"publish","type":"page","link":"https:\/\/fibgar.es\/en\/corruption-and-organized-crime\/","title":{"rendered":"Corruption and organized crime"},"content":{"rendered":"<div class=\"wpb-content-wrapper\"><p>[vc_row content_width=&#8221;grid&#8221; css=&#8221;.vc_custom_1664870052898{margin-bottom: 50px !important;}&#8221;][vc_column width=&#8221;1\/3&#8243;][vc_hoverbox image=&#8221;20270&#8243; primary_title=&#8221;Datos Abiertos en Gobiernos Locales&#8221; hover_title=&#8221;Datos Abiertos en Gobiernos Locales&#8221; shape=&#8221;square&#8221; hover_background_color=&#8221;custom&#8221; hover_btn_title=&#8221;Descargar&#8221; hover_btn_style=&#8221;classic&#8221; hover_btn_color=&#8221;success&#8221; hover_btn_i_icon_fontawesome=&#8221;fa fa-file-pdf-o&#8221; hover_add_button=&#8221;true&#8221; hover_btn_add_icon=&#8221;true&#8221; hover_btn_link=&#8221;url:https%3A%2F%2Ffibgar.es%2Fwp-content%2Fuploads%2F2022%2F11%2FDatos-Abiertos-en-Gobiernos-Locales-completo-1.pdf|target:%20_blank|&#8221; hover_custom_background=&#8221;#f6f4ee&#8221;]<\/p>\n<h4>FIBGAR<\/h4>\n<p style=\"text-align: justify;\">Este documento busca contribuir a una mejor evaluaci\u00f3n, monitorizaci\u00f3n y control de los Objetivos y metas de desarrollo sostenible para 2030, alentando la creaci\u00f3n de una agenda de datos abiertos.<\/p>\n<p>&nbsp;<\/p>\n<p>[\/vc_hoverbox][\/vc_column][vc_column width=&#8221;1\/3&#8243;][vc_hoverbox image=&#8221;20270&#8243; primary_title=&#8221;Alegaciones sobre la transposici\u00f3n de la directiva (UE) 2019\/1937 del Parlamento Europeo y del consejo, de 23 de Octubre de 2019, relativa a la protecci\u00f3n de las personas que informen sobre infracciones del derecho de la uni\u00f3n (Whistleblower)&#8221; hover_title=&#8221;Alegaciones sobre la transposici\u00f3n de la directiva (UE) 2019\/1937 del Parlamento Europeo y del consejo, de 23 de Octubre de 2019, relativa a la protecci\u00f3n de las personas que informen sobre infracciones del derecho de la uni\u00f3n (Whistleblower)&#8221; shape=&#8221;square&#8221; hover_background_color=&#8221;custom&#8221; hover_btn_title=&#8221;Descargar&#8221; hover_btn_style=&#8221;classic&#8221; hover_btn_color=&#8221;success&#8221; hover_btn_i_icon_fontawesome=&#8221;fa fa-file-pdf-o&#8221; hover_add_button=&#8221;true&#8221; hover_btn_add_icon=&#8221;true&#8221; hover_btn_link=&#8221;url:https%3A%2F%2Ffibgar.es%2Fwp-content%2Fuploads%2F2022%2F10%2FObservaciones-Trasposicio%CC%81n-Directiva-Europea-2019-1937-FIBGAR-final.pdf|target:%20_blank|&#8221; hover_custom_background=&#8221;#f6f4ee&#8221;]<\/p>\n<h4>FIBGAR<\/h4>\n<p style=\"text-align: justify;\">Ofrecemos aqu\u00ed las Alegaciones de FIBGAR en el proceso de Consulta P\u00fablica dentro de la tramitaci\u00f3n del Proyecto de Ley para la trasposici\u00f3n de esta Directiva al Derecho espa\u00f1ol.<\/p>\n<p>[\/vc_hoverbox][\/vc_column][vc_column width=&#8221;1\/3&#8243;][vc_hoverbox image=&#8221;20262&#8243; primary_title=&#8221;An\u00e1lisis y comentarios a la proposici\u00f3n de Ley Integral de Lucha contra la Corrupci\u00f3n y Protecci\u00f3n de los Denunciantes&#8221; hover_title=&#8221;An\u00e1lisis y comentarios a la proposici\u00f3n de Ley Integral de Lucha contra la Corrupci\u00f3n y Protecci\u00f3n de los Denunciantes&#8221; shape=&#8221;square&#8221; hover_background_color=&#8221;custom&#8221; hover_btn_title=&#8221;Descargar&#8221; hover_btn_style=&#8221;classic&#8221; hover_btn_color=&#8221;success&#8221; hover_btn_i_icon_fontawesome=&#8221;fa fa-file-pdf-o&#8221; hover_add_button=&#8221;true&#8221; hover_btn_add_icon=&#8221;true&#8221; hover_btn_link=&#8221;url:https%3A%2F%2Ffibgar.es%2Fwp-content%2Fuploads%2F2022%2F10%2Fanalisis-y-comentarios-a-la-proposicion-de-ley-integral-de-lucha-contra-la-corrupcion-y-proteccion-de-los-denunciantes.pdf|target:%20_blank|&#8221; hover_custom_background=&#8221;#f6f4ee&#8221;]<\/p>\n<h4>BLUEPRINT FOR FREESPEECH FIBGAR<\/h4>\n<p style=\"text-align: justify;\">Informe anal\u00edtico y comentarios a la proposici\u00f3n de Ley Integral de Lucha contra la Corrupci\u00f3n y Protecci\u00f3n de los Denunciantes elaborada en Comisi\u00f3n Parlamentaria en el Congreso de los Diputados.<\/p>\n<p>[\/vc_hoverbox][\/vc_column][\/vc_row][vc_row][vc_column][vc_empty_space height=&#8221;100px&#8221;][\/vc_column][\/vc_row][vc_row content_width=&#8221;grid&#8221; css=&#8221;.vc_custom_1664870052898{margin-bottom: 50px !important;}&#8221;][vc_column width=&#8221;1\/3&#8243;][vc_hoverbox image=&#8221;20199&#8243; primary_title=&#8221;Informe Expandiendo tecnolog\u00eda de anonimizaci\u00f3n en Europa&#8221; hover_title=&#8221;Informe Expandiendo tecnolog\u00eda de anonimizaci\u00f3n en Europa&#8221; shape=&#8221;square&#8221; hover_background_color=&#8221;custom&#8221; hover_btn_title=&#8221;Descargar&#8221; hover_btn_style=&#8221;classic&#8221; hover_btn_color=&#8221;success&#8221; hover_btn_i_icon_fontawesome=&#8221;fa fa-file-pdf-o&#8221; hover_add_button=&#8221;true&#8221; hover_btn_add_icon=&#8221;true&#8221; hover_btn_link=&#8221;url:https%3A%2F%2Ffibgar.es%2Fwp-content%2Fuploads%2F2022%2F11%2FExpandingAnonymousTippinginEurope_EAT.pdf|target:%20_blank|&#8221; hover_custom_background=&#8221;#f6f4ee&#8221;]<\/p>\n<h4>BLUEPRINT FOR FREESPEECH FIBGAR<\/h4>\n<p style=\"text-align: justify;\">Informe final del proyecto Expanding Anonymous Tipping (EAT)<\/p>\n<p>&nbsp;<\/p>\n<p>[\/vc_hoverbox][\/vc_column][vc_column width=&#8221;1\/3&#8243;][vc_hoverbox image=&#8221;20266&#8243; primary_title=&#8221;Informe Defensores de Derechos humanos y protecci\u00f3n de alertadores&#8221; hover_title=&#8221;Informe Defensores de Derechos humanos y protecci\u00f3n de alertadores&#8221; shape=&#8221;square&#8221; hover_background_color=&#8221;custom&#8221; hover_btn_title=&#8221;Descargar&#8221; hover_btn_style=&#8221;classic&#8221; hover_btn_color=&#8221;success&#8221; hover_btn_i_icon_fontawesome=&#8221;fa fa-file-pdf-o&#8221; hover_add_button=&#8221;true&#8221; hover_btn_add_icon=&#8221;true&#8221; hover_btn_link=&#8221;url:https%3A%2F%2Ffibgar.es%2Fwp-content%2Fuploads%2F2022%2F10%2F11_fibgar_cso_spain_sp.pdf|target:%20_blank|&#8221; hover_custom_background=&#8221;#f6f4ee&#8221;]<\/p>\n<h4>FIBGAR<\/h4>\n<p style=\"text-align: justify;\">Observaciones presentadas a la Relatora Especial de las Naciones Unidas sobre la situaci\u00f3n de los defensores y defensoras de los derechos humanos en el marco de la preparaci\u00f3n del informe tem\u00e1tico sobre la cuesti\u00f3n de las defensoras y defensores de los derechos humanos que trabajan en la lucha contra la corrupci\u00f3n<\/p>\n<p>[\/vc_hoverbox][\/vc_column][vc_column width=&#8221;1\/3&#8243;][vc_hoverbox image=&#8221;20256&#8243; primary_title=&#8221;Informe comparativo en Protecci\u00f3n de Alertadores&#8221; hover_title=&#8221;Informe comparativo en Protecci\u00f3n de Alertadores&#8221; shape=&#8221;square&#8221; hover_background_color=&#8221;custom&#8221; hover_btn_title=&#8221;Descargar&#8221; hover_btn_style=&#8221;classic&#8221; hover_btn_color=&#8221;success&#8221; hover_btn_i_icon_fontawesome=&#8221;fa fa-file-pdf-o&#8221; hover_add_button=&#8221;true&#8221; hover_btn_add_icon=&#8221;true&#8221; hover_btn_link=&#8221;url:https%3A%2F%2Ffibgar.es%2Fwp-content%2Fuploads%2F2022%2F10%2Finforme-pais-en-proteccion-de-alertadores.pdf|target:%20_blank|&#8221; hover_custom_background=&#8221;#f6f4ee&#8221;]<\/p>\n<h4>Coordinado por FIBGAR<\/h4>\n<p style=\"text-align: justify;\">Informes individuales y Mapa Interactivo que muestran de forma clara y por niveles el marco legal en materia de alertadores en los 28 estados miembros de la Uni\u00f3n Europea. No s\u00f3lo se analiza en ellos la existencia de legislaci\u00f3n dedicada a su protecci\u00f3n, sino que tambi\u00e9n contemplan la legislaci\u00f3n laboral, penal y otras herramientas legales que pueden dar soporte a los alertadores, desincentivar las revelaciones o poner en riesgo su seguridad.<\/p>\n<p>[\/vc_hoverbox][\/vc_column][\/vc_row][vc_row][vc_column][vc_empty_space height=&#8221;100px&#8221;][\/vc_column][\/vc_row][vc_row content_width=&#8221;grid&#8221; css=&#8221;.vc_custom_1664870052898{margin-bottom: 50px !important;}&#8221;][vc_column width=&#8221;1\/3&#8243;][vc_hoverbox image=&#8221;20258&#8243; primary_title=&#8221;Safe or Sorry: Whistleblower Protection Laws in Europe Deliver Mixed Results&#8221; hover_title=&#8221;Safe or Sorry: Whistleblower Protection Laws in Europe Deliver Mixed Results&#8221; shape=&#8221;square&#8221; hover_background_color=&#8221;custom&#8221; hover_btn_title=&#8221;Descargar&#8221; hover_btn_style=&#8221;classic&#8221; hover_btn_color=&#8221;success&#8221; hover_btn_i_icon_fontawesome=&#8221;fa fa-file-pdf-o&#8221; hover_add_button=&#8221;true&#8221; hover_btn_add_icon=&#8221;true&#8221; hover_btn_link=&#8221;url:https%3A%2F%2Ffibgar.es%2Fwp-content%2Fuploads%2F2022%2F10%2Fsafe-or-sorry-whistleblower-protection-laws-in-europe-deliver-mixed-results-seguro-o-arrepentido-leyes-de-proteccion-de-alertadores-en-europa-resultados-diversos-.pdf|target:%20_blank|&#8221; hover_custom_background=&#8221;#f6f4ee&#8221;]<\/p>\n<h4>BLUEPRINT FOR FREESPEECH FIBGAR<\/h4>\n<p style=\"text-align: justify;\">Informe que eval\u00faa el funcionamiento pr\u00e1ctico de las leyes de protecci\u00f3n al denunciante en Europa y examina la aplicaci\u00f3n de estas leyes en casos reales.<\/p>\n<p>[\/vc_hoverbox][\/vc_column][vc_column width=&#8221;1\/3&#8243;][vc_hoverbox image=&#8221;20260&#8243; primary_title=&#8221;Gaps in the System: Whistleblower Laws in the EU&#8221; hover_title=&#8221;Gaps in the System: Whistleblower Laws in the EU&#8221; shape=&#8221;square&#8221; hover_background_color=&#8221;custom&#8221; hover_btn_title=&#8221;Descargar&#8221; hover_btn_style=&#8221;classic&#8221; hover_btn_color=&#8221;success&#8221; hover_btn_i_icon_fontawesome=&#8221;fa fa-file-pdf-o&#8221; hover_add_button=&#8221;true&#8221; hover_btn_add_icon=&#8221;true&#8221; hover_btn_link=&#8221;url:https%3A%2F%2Ffibgar.es%2Fwp-content%2Fuploads%2F2022%2F10%2Fgaps-in-the-system-whistleblower-laws-in-the-eu-huecos-en-el-sistema-leyes-de-proteccion-de-alertadores-en-a-ue-.pdf|target:%20_blank|&#8221; hover_custom_background=&#8221;#f6f4ee&#8221;]<\/p>\n<h4>FIBGAR TRIAL ECCHR FIDH<\/h4>\n<p style=\"text-align: justify;\">Informe que eval\u00faa las leyes de protecci\u00f3n de alertadores de todos los Estados miembro de la UE seg\u00fan nueve est\u00e1ndares reconocidos internacionalmente.<\/p>\n<p>[\/vc_hoverbox][\/vc_column][vc_column width=&#8221;1\/3&#8243;][\/vc_column][\/vc_row]<\/p>\n<\/div>","protected":false},"excerpt":{"rendered":"<p>[vc_row content_width=&#8221;grid&#8221; css=&#8221;.vc_custom_1664870052898{margin-bottom: 50px !important;}&#8221;][vc_column width=&#8221;1\/3&#8243;][vc_hoverbox image=&#8221;20270&#8243; primary_title=&#8221;Datos Abiertos en Gobiernos Locales&#8221; hover_title=&#8221;Datos Abiertos en Gobiernos Locales&#8221; shape=&#8221;square&#8221; hover_background_color=&#8221;custom&#8221; hover_btn_title=&#8221;Descargar&#8221; hover_btn_style=&#8221;classic&#8221; hover_btn_color=&#8221;success&#8221; hover_btn_i_icon_fontawesome=&#8221;fa fa-file-pdf-o&#8221; hover_add_button=&#8221;true&#8221; hover_btn_add_icon=&#8221;true&#8221; hover_btn_link=&#8221;url:https%3A%2F%2Ffibgar.es%2Fwp-content%2Fuploads%2F2022%2F11%2FDatos-Abiertos-en-Gobiernos-Locales-completo-1.pdf|target:%20_blank|&#8221; hover_custom_background=&#8221;#f6f4ee&#8221;] FIBGAR Este documento busca contribuir a una mejor evaluaci\u00f3n, monitorizaci\u00f3n y control de los Objetivos y metas de desarrollo sostenible para 2030, alentando la creaci\u00f3n de una&#8230;<\/p>\n","protected":false},"author":1,"featured_media":0,"parent":0,"menu_order":0,"comment_status":"closed","ping_status":"closed","template":"full-width.php","meta":{"footnotes":""},"class_list":["post-21827","page","type-page","status-publish","hentry"],"yoast_head":"<!-- This site is optimized with the Yoast SEO plugin v27.4 - https:\/\/yoast.com\/product\/yoast-seo-wordpress\/ -->\n<title>Corruption and organized crime - FIBGAR<\/title>\n<meta name=\"robots\" content=\"index, follow, max-snippet:-1, max-image-preview:large, max-video-preview:-1\" \/>\n<link rel=\"canonical\" href=\"https:\/\/fibgar.es\/en\/corruption-and-organized-crime\/\" \/>\n<meta property=\"og:locale\" content=\"en_US\" \/>\n<meta property=\"og:type\" content=\"article\" \/>\n<meta property=\"og:title\" content=\"Corruption and organized crime - FIBGAR\" \/>\n<meta property=\"og:description\" content=\"[vc_row content_width=&#8221;grid&#8221; css=&#8221;.vc_custom_1664870052898{margin-bottom: 50px !important;}&#8221;][vc_column width=&#8221;1\/3&#8243;][vc_hoverbox image=&#8221;20270&#8243; primary_title=&#8221;Datos Abiertos en Gobiernos Locales&#8221; hover_title=&#8221;Datos Abiertos en Gobiernos Locales&#8221; shape=&#8221;square&#8221; hover_background_color=&#8221;custom&#8221; hover_btn_title=&#8221;Descargar&#8221; hover_btn_style=&#8221;classic&#8221; hover_btn_color=&#8221;success&#8221; hover_btn_i_icon_fontawesome=&#8221;fa fa-file-pdf-o&#8221; hover_add_button=&#8221;true&#8221; hover_btn_add_icon=&#8221;true&#8221; hover_btn_link=&#8221;url:https%3A%2F%2Ffibgar.es%2Fwp-content%2Fuploads%2F2022%2F11%2FDatos-Abiertos-en-Gobiernos-Locales-completo-1.pdf|target:%20_blank|&#8221; hover_custom_background=&#8221;#f6f4ee&#8221;] FIBGAR Este documento busca contribuir a una mejor evaluaci\u00f3n, monitorizaci\u00f3n y control de los Objetivos y metas de desarrollo sostenible para 2030, alentando la creaci\u00f3n de una...\" \/>\n<meta property=\"og:url\" content=\"https:\/\/fibgar.es\/en\/corruption-and-organized-crime\/\" \/>\n<meta property=\"og:site_name\" content=\"FIBGAR\" \/>\n<meta property=\"article:publisher\" content=\"https:\/\/www.facebook.com\/Fibgar\" \/>\n<meta property=\"article:modified_time\" content=\"2023-08-28T13:20:33+00:00\" \/>\n<meta name=\"twitter:card\" content=\"summary_large_image\" \/>\n<meta name=\"twitter:site\" content=\"@fibgar_\" \/>\n<meta name=\"twitter:label1\" content=\"Est. reading time\" \/>\n\t<meta name=\"twitter:data1\" content=\"3 minutes\" \/>\n<script type=\"application\/ld+json\" class=\"yoast-schema-graph\">{\"@context\":\"https:\\\/\\\/schema.org\",\"@graph\":[{\"@type\":\"WebPage\",\"@id\":\"https:\\\/\\\/fibgar.es\\\/en\\\/corruption-and-organized-crime\\\/\",\"url\":\"https:\\\/\\\/fibgar.es\\\/en\\\/corruption-and-organized-crime\\\/\",\"name\":\"Corruption and organized crime - FIBGAR\",\"isPartOf\":{\"@id\":\"https:\\\/\\\/fibgar.es\\\/en\\\/#website\"},\"datePublished\":\"2022-10-17T08:49:32+00:00\",\"dateModified\":\"2023-08-28T13:20:33+00:00\",\"breadcrumb\":{\"@id\":\"https:\\\/\\\/fibgar.es\\\/en\\\/corruption-and-organized-crime\\\/#breadcrumb\"},\"inLanguage\":\"en-US\",\"potentialAction\":[{\"@type\":\"ReadAction\",\"target\":[\"https:\\\/\\\/fibgar.es\\\/en\\\/corruption-and-organized-crime\\\/\"]}]},{\"@type\":\"BreadcrumbList\",\"@id\":\"https:\\\/\\\/fibgar.es\\\/en\\\/corruption-and-organized-crime\\\/#breadcrumb\",\"itemListElement\":[{\"@type\":\"ListItem\",\"position\":1,\"name\":\"Home\",\"item\":\"https:\\\/\\\/fibgar.es\\\/en\\\/\"},{\"@type\":\"ListItem\",\"position\":2,\"name\":\"Corruption and organized crime\"}]},{\"@type\":\"WebSite\",\"@id\":\"https:\\\/\\\/fibgar.es\\\/en\\\/#website\",\"url\":\"https:\\\/\\\/fibgar.es\\\/en\\\/\",\"name\":\"FIBGAR\",\"description\":\"Fundaci\u00f3n Internacional Baltasar Garz\u00f3n\",\"publisher\":{\"@id\":\"https:\\\/\\\/fibgar.es\\\/en\\\/#organization\"},\"alternateName\":\"FIBGAR\",\"potentialAction\":[{\"@type\":\"SearchAction\",\"target\":{\"@type\":\"EntryPoint\",\"urlTemplate\":\"https:\\\/\\\/fibgar.es\\\/en\\\/?s={search_term_string}\"},\"query-input\":{\"@type\":\"PropertyValueSpecification\",\"valueRequired\":true,\"valueName\":\"search_term_string\"}}],\"inLanguage\":\"en-US\"},{\"@type\":\"Organization\",\"@id\":\"https:\\\/\\\/fibgar.es\\\/en\\\/#organization\",\"name\":\"Fundaci\u00f3n Internacional Baltasar Garz\u00f3n\",\"alternateName\":\"FIBGAR\",\"url\":\"https:\\\/\\\/fibgar.es\\\/en\\\/\",\"logo\":{\"@type\":\"ImageObject\",\"inLanguage\":\"en-US\",\"@id\":\"https:\\\/\\\/fibgar.es\\\/en\\\/#\\\/schema\\\/logo\\\/image\\\/\",\"url\":\"https:\\\/\\\/fibgar.es\\\/wp-content\\\/uploads\\\/2020\\\/04\\\/cropped-fibgar-icono.jpeg\",\"contentUrl\":\"https:\\\/\\\/fibgar.es\\\/wp-content\\\/uploads\\\/2020\\\/04\\\/cropped-fibgar-icono.jpeg\",\"width\":512,\"height\":512,\"caption\":\"Fundaci\u00f3n Internacional Baltasar Garz\u00f3n\"},\"image\":{\"@id\":\"https:\\\/\\\/fibgar.es\\\/en\\\/#\\\/schema\\\/logo\\\/image\\\/\"},\"sameAs\":[\"https:\\\/\\\/www.facebook.com\\\/Fibgar\",\"https:\\\/\\\/x.com\\\/fibgar_\"]}]}<\/script>\n<!-- \/ Yoast SEO plugin. -->","yoast_head_json":{"title":"Corruption and organized crime - FIBGAR","robots":{"index":"index","follow":"follow","max-snippet":"max-snippet:-1","max-image-preview":"max-image-preview:large","max-video-preview":"max-video-preview:-1"},"canonical":"https:\/\/fibgar.es\/en\/corruption-and-organized-crime\/","og_locale":"en_US","og_type":"article","og_title":"Corruption and organized crime - FIBGAR","og_description":"[vc_row content_width=&#8221;grid&#8221; css=&#8221;.vc_custom_1664870052898{margin-bottom: 50px !important;}&#8221;][vc_column width=&#8221;1\/3&#8243;][vc_hoverbox image=&#8221;20270&#8243; primary_title=&#8221;Datos Abiertos en Gobiernos Locales&#8221; hover_title=&#8221;Datos Abiertos en Gobiernos Locales&#8221; shape=&#8221;square&#8221; hover_background_color=&#8221;custom&#8221; hover_btn_title=&#8221;Descargar&#8221; hover_btn_style=&#8221;classic&#8221; hover_btn_color=&#8221;success&#8221; hover_btn_i_icon_fontawesome=&#8221;fa fa-file-pdf-o&#8221; hover_add_button=&#8221;true&#8221; hover_btn_add_icon=&#8221;true&#8221; hover_btn_link=&#8221;url:https%3A%2F%2Ffibgar.es%2Fwp-content%2Fuploads%2F2022%2F11%2FDatos-Abiertos-en-Gobiernos-Locales-completo-1.pdf|target:%20_blank|&#8221; hover_custom_background=&#8221;#f6f4ee&#8221;] FIBGAR Este documento busca contribuir a una mejor evaluaci\u00f3n, monitorizaci\u00f3n y control de los Objetivos y metas de desarrollo sostenible para 2030, alentando la creaci\u00f3n de una...","og_url":"https:\/\/fibgar.es\/en\/corruption-and-organized-crime\/","og_site_name":"FIBGAR","article_publisher":"https:\/\/www.facebook.com\/Fibgar","article_modified_time":"2023-08-28T13:20:33+00:00","twitter_card":"summary_large_image","twitter_site":"@fibgar_","twitter_misc":{"Est. reading time":"3 minutes"},"schema":{"@context":"https:\/\/schema.org","@graph":[{"@type":"WebPage","@id":"https:\/\/fibgar.es\/en\/corruption-and-organized-crime\/","url":"https:\/\/fibgar.es\/en\/corruption-and-organized-crime\/","name":"Corruption and organized crime - FIBGAR","isPartOf":{"@id":"https:\/\/fibgar.es\/en\/#website"},"datePublished":"2022-10-17T08:49:32+00:00","dateModified":"2023-08-28T13:20:33+00:00","breadcrumb":{"@id":"https:\/\/fibgar.es\/en\/corruption-and-organized-crime\/#breadcrumb"},"inLanguage":"en-US","potentialAction":[{"@type":"ReadAction","target":["https:\/\/fibgar.es\/en\/corruption-and-organized-crime\/"]}]},{"@type":"BreadcrumbList","@id":"https:\/\/fibgar.es\/en\/corruption-and-organized-crime\/#breadcrumb","itemListElement":[{"@type":"ListItem","position":1,"name":"Home","item":"https:\/\/fibgar.es\/en\/"},{"@type":"ListItem","position":2,"name":"Corruption and organized crime"}]},{"@type":"WebSite","@id":"https:\/\/fibgar.es\/en\/#website","url":"https:\/\/fibgar.es\/en\/","name":"FIBGAR","description":"Fundaci\u00f3n Internacional Baltasar Garz\u00f3n","publisher":{"@id":"https:\/\/fibgar.es\/en\/#organization"},"alternateName":"FIBGAR","potentialAction":[{"@type":"SearchAction","target":{"@type":"EntryPoint","urlTemplate":"https:\/\/fibgar.es\/en\/?s={search_term_string}"},"query-input":{"@type":"PropertyValueSpecification","valueRequired":true,"valueName":"search_term_string"}}],"inLanguage":"en-US"},{"@type":"Organization","@id":"https:\/\/fibgar.es\/en\/#organization","name":"Fundaci\u00f3n Internacional Baltasar Garz\u00f3n","alternateName":"FIBGAR","url":"https:\/\/fibgar.es\/en\/","logo":{"@type":"ImageObject","inLanguage":"en-US","@id":"https:\/\/fibgar.es\/en\/#\/schema\/logo\/image\/","url":"https:\/\/fibgar.es\/wp-content\/uploads\/2020\/04\/cropped-fibgar-icono.jpeg","contentUrl":"https:\/\/fibgar.es\/wp-content\/uploads\/2020\/04\/cropped-fibgar-icono.jpeg","width":512,"height":512,"caption":"Fundaci\u00f3n Internacional Baltasar Garz\u00f3n"},"image":{"@id":"https:\/\/fibgar.es\/en\/#\/schema\/logo\/image\/"},"sameAs":["https:\/\/www.facebook.com\/Fibgar","https:\/\/x.com\/fibgar_"]}]}},"_links":{"self":[{"href":"https:\/\/fibgar.es\/en\/wp-json\/wp\/v2\/pages\/21827","targetHints":{"allow":["GET"]}}],"collection":[{"href":"https:\/\/fibgar.es\/en\/wp-json\/wp\/v2\/pages"}],"about":[{"href":"https:\/\/fibgar.es\/en\/wp-json\/wp\/v2\/types\/page"}],"author":[{"embeddable":true,"href":"https:\/\/fibgar.es\/en\/wp-json\/wp\/v2\/users\/1"}],"replies":[{"embeddable":true,"href":"https:\/\/fibgar.es\/en\/wp-json\/wp\/v2\/comments?post=21827"}],"version-history":[{"count":6,"href":"https:\/\/fibgar.es\/en\/wp-json\/wp\/v2\/pages\/21827\/revisions"}],"predecessor-version":[{"id":21916,"href":"https:\/\/fibgar.es\/en\/wp-json\/wp\/v2\/pages\/21827\/revisions\/21916"}],"wp:attachment":[{"href":"https:\/\/fibgar.es\/en\/wp-json\/wp\/v2\/media?parent=21827"}],"curies":[{"name":"wp","href":"https:\/\/api.w.org\/{rel}","templated":true}]}}