{"id":21858,"date":"2022-10-17T10:26:17","date_gmt":"2022-10-17T08:26:17","guid":{"rendered":"https:\/\/fibgar.es\/universal-jurisdiction\/"},"modified":"2023-08-28T15:19:51","modified_gmt":"2023-08-28T13:19:51","slug":"universal-jurisdiction","status":"publish","type":"page","link":"https:\/\/fibgar.es\/en\/universal-jurisdiction\/","title":{"rendered":"Universal Jurisdiction"},"content":{"rendered":"<div class=\"wpb-content-wrapper\"><p>[vc_row content_width=&#8221;grid&#8221; css=&#8221;.vc_custom_1664870052898{margin-bottom: 50px !important;}&#8221;][vc_column width=&#8221;1\/3&#8243;][vc_hoverbox image=&#8221;20248&#8243; primary_title=&#8221;Definici\u00f3n Jur\u00eddica de Ecocidio por el Panel Internacional de Expertos&#8221; hover_title=&#8221;Definici\u00f3n Jur\u00eddica de Ecocidio por el Panel Internacional de Expertos&#8221; shape=&#8221;square&#8221; hover_background_color=&#8221;custom&#8221; hover_btn_title=&#8221;Descargar&#8221; hover_btn_style=&#8221;classic&#8221; hover_btn_color=&#8221;success&#8221; hover_btn_i_icon_fontawesome=&#8221;fa fa-file-pdf-o&#8221; hover_add_button=&#8221;true&#8221; hover_btn_add_icon=&#8221;true&#8221; hover_btn_link=&#8221;url:https%3A%2F%2Ffibgar.es%2Fwp-content%2Fuploads%2F2022%2F10%2FSEFoundationCommentaryandcoretextESrev3.pdf|target:%20_blank|&#8221; hover_custom_background=&#8221;#f6f4ee&#8221;]<\/p>\n<h4>FIBGAR STOP ECOCIDE<\/h4>\n<p style=\"text-align: justify;\">El Panel internacional de expertos en medio ambiente y derecho penal internacional de todo el mundo acaba de concluir seis meses de deliberaciones. El resultado: una definici\u00f3n jur\u00eddica del \u201cecocidio\u201d, para que pueda ser considerado como el quinto crimen internacional y que ocupe un lugar junto con el genocidio, los cr\u00edmenes contra la humanidad, los cr\u00edmenes de guerra y el crimen de agresi\u00f3n.<\/p>\n<p>&nbsp;<\/p>\n<p>[\/vc_hoverbox][\/vc_column][vc_column width=&#8221;1\/3&#8243;][vc_hoverbox image=&#8221;20252&#8243; primary_title=&#8221;Independent Expert Panel for the Legal Definition of Ecocide&#8221; hover_title=&#8221;Independent Expert Panel for the Legal Definition of Ecocide&#8221; shape=&#8221;square&#8221; hover_background_color=&#8221;custom&#8221; hover_btn_title=&#8221;Descargar&#8221; hover_btn_style=&#8221;classic&#8221; hover_btn_color=&#8221;success&#8221; hover_btn_i_icon_fontawesome=&#8221;fa fa-file-pdf-o&#8221; hover_add_button=&#8221;true&#8221; hover_btn_add_icon=&#8221;true&#8221; hover_btn_link=&#8221;url:https%3A%2F%2Ffibgar.es%2Fwp-content%2Fuploads%2F2022%2F10%2FSEFoundationCommentaryandcoretextrev6.pdf|target:%20_blank|&#8221; hover_custom_background=&#8221;#f6f4ee&#8221;]<\/p>\n<h4>FIBGAR STOP ECOCIDE<\/h4>\n<p style=\"text-align: justify;\">El Panel internacional de expertos en medio ambiente y derecho penal internacional de todo el mundo acaba de concluir seis meses de deliberaciones. El resultado: una definici\u00f3n jur\u00eddica del \u201cecocidio\u201d, para que pueda ser considerado como el quinto crimen internacional y que ocupe un lugar junto con el genocidio, los cr\u00edmenes contra la humanidad, los cr\u00edmenes de guerra y el crimen de agresi\u00f3n.<\/p>\n<p>&nbsp;<\/p>\n<p>&nbsp;<\/p>\n<p>[\/vc_hoverbox][\/vc_column][vc_column width=&#8221;1\/3&#8243;][vc_hoverbox image=&#8221;20246&#8243; primary_title=&#8221;Universal Jurisdiction Annual Review 2018&#8243; hover_title=&#8221;Universal Jurisdiction Annual Review 2018&#8243; shape=&#8221;square&#8221; hover_background_color=&#8221;custom&#8221; hover_btn_title=&#8221;Descargar&#8221; hover_btn_style=&#8221;classic&#8221; hover_btn_color=&#8221;success&#8221; hover_btn_i_icon_fontawesome=&#8221;fa fa-file-pdf-o&#8221; hover_add_button=&#8221;true&#8221; hover_btn_add_icon=&#8221;true&#8221; hover_btn_link=&#8221;url:https%3A%2F%2Ffibgar.es%2Fwp-content%2Fuploads%2F2022%2F10%2Finforme-anual-de-jurisdiccion-universal-ujar-.pdf|target:%20_blank|&#8221; hover_custom_background=&#8221;#f6f4ee&#8221;]<\/p>\n<h4>FIBGAR TRIAL ECCHR FIDH<\/h4>\n<p style=\"text-align: justify;\">Cuarto informe sobre la situaci\u00f3n de la aplicaci\u00f3n de la Jurisdicci\u00f3n Universal en el mundo, ilustrbdoa el impulso internacional a la rendici\u00f3n de cuentas de los autores de cr\u00edmenes internacionales a trav\u00e9s del estudio de 58 casos que involucran a 126 sospechosos..<\/p>\n<p>[\/vc_hoverbox][\/vc_column][\/vc_row][vc_row][vc_column][vc_empty_space height=&#8221;100px&#8221;][\/vc_column][\/vc_row][vc_row content_width=&#8221;grid&#8221; css=&#8221;.vc_custom_1664870052898{margin-bottom: 50px !important;}&#8221;][vc_column width=&#8221;1\/3&#8243;][vc_hoverbox image=&#8221;20244&#8243; primary_title=&#8221;Universal Jurisdiction Annual Review 2017&#8243; hover_title=&#8221;Universal Jurisdiction Annual Review 2017&#8243; shape=&#8221;square&#8221; hover_background_color=&#8221;custom&#8221; hover_btn_title=&#8221;Descargar&#8221; hover_btn_style=&#8221;classic&#8221; hover_btn_color=&#8221;success&#8221; hover_btn_i_icon_fontawesome=&#8221;fa fa-file-pdf-o&#8221; hover_add_button=&#8221;true&#8221; hover_btn_add_icon=&#8221;true&#8221; hover_btn_link=&#8221;url:https%3A%2F%2Ffibgar.es%2Fwp-content%2Fuploads%2F2022%2F10%2Funiversal-jurisdiction-annual-review-2017.pdf|target:%20_blank|&#8221; hover_custom_background=&#8221;#f6f4ee&#8221;]<\/p>\n<h4>FIBGAR TRIAL ECCHR FIDH<\/h4>\n<p style=\"text-align: justify;\">Tercer informe sobre la situaci\u00f3n de la aplicaci\u00f3n de la Jurisdicci\u00f3n Universal en trece pa\u00edses y los avances significativos en esta \u00e1rea durante 2016, un documento en el que ha participado la Fundaci\u00f3n Internacional Baltasar Garz\u00f3n de forma significativa, tanto por los casos actuales como por otros que comenzaron en Espa\u00f1a.<\/p>\n<p>[\/vc_hoverbox][\/vc_column][vc_column width=&#8221;1\/3&#8243;][vc_hoverbox image=&#8221;20232&#8243; primary_title=&#8221;Universal Jurisdiction Annual Review 2016&#8243; hover_title=&#8221;Universal Jurisdiction Annual Review 2016&#8243; shape=&#8221;square&#8221; hover_background_color=&#8221;custom&#8221; hover_btn_title=&#8221;Descargar&#8221; hover_btn_style=&#8221;classic&#8221; hover_btn_color=&#8221;success&#8221; hover_btn_i_icon_fontawesome=&#8221;fa fa-file-pdf-o&#8221; hover_add_button=&#8221;true&#8221; hover_btn_add_icon=&#8221;true&#8221; hover_btn_link=&#8221;url:https%3A%2F%2Ffibgar.es%2Fwp-content%2Fuploads%2F2022%2F10%2Funiversal-jurisdiction-annual-review-2016.pdf|target:%20_blank|&#8221; hover_custom_background=&#8221;#f6f4ee&#8221;]<\/p>\n<h4>&#8220;FIBGAR TRIAL ECCHR FIDH<\/h4>\n<p style=\"text-align: justify;\">Segundo informe sobre la situaci\u00f3n de la aplicaci\u00f3n de la Jurisdicci\u00f3n Universal en doce pa\u00edses y los avances significativos en esta \u00e1rea durante 2015, un documento en el que ha participado la Fundaci\u00f3n Internacional Baltasar Garz\u00f3n de forma significativa, tanto por los casos actuales como por otros que comenzaron en Espa\u00f1a.<\/p>\n<p>[\/vc_hoverbox][\/vc_column][vc_column width=&#8221;1\/3&#8243;][vc_hoverbox image=&#8221;20241&#8243; primary_title=&#8221;Informe sobre el estado de la Jurisdicci\u00f3n Universal en Espa\u00f1a 2016&#8243; hover_title=&#8221;Informe sobre el estado de la Jurisdicci\u00f3n Universal en Espa\u00f1a 2016&#8243; shape=&#8221;square&#8221; hover_background_color=&#8221;custom&#8221; hover_btn_title=&#8221;Descargar&#8221; hover_btn_style=&#8221;classic&#8221; hover_btn_color=&#8221;success&#8221; hover_btn_i_icon_fontawesome=&#8221;fa fa-file-pdf-o&#8221; hover_add_button=&#8221;true&#8221; hover_btn_add_icon=&#8221;true&#8221; hover_btn_link=&#8221;url:https%3A%2F%2Ffibgar.es%2Fwp-content%2Fuploads%2F2022%2F10%2Finforme-sobre-el-estado-de-la-jurisdiccion-universal-en-espana-2016.pdf|target:%20_blank|&#8221; hover_custom_background=&#8221;#f6f4ee&#8221;]<\/p>\n<h4>FIBGAR<\/h4>\n<p style=\"text-align: justify;\">Informe sobre la situaci\u00f3n de la Jurisdicci\u00f3n Universal en Espa\u00f1a, dos a\u00f1os despu\u00e9s de la Ley Org\u00e1nica 1\/2014 de 13 de marzo, de modificaci\u00f3n de la Ley Org\u00e1nica 6\/1985 de 1 de julio del Poder Judicial, relativa a la justicia universal. Trece expertos analizan en profundidad todos los casos abiertos de Jurisdicci\u00f3n Universal en nuestro pa\u00eds.<\/p>\n<p>[\/vc_hoverbox][\/vc_column][\/vc_row][vc_row][vc_column][vc_empty_space height=&#8221;100px&#8221;][\/vc_column][\/vc_row][vc_row content_width=&#8221;grid&#8221; css=&#8221;.vc_custom_1664870052898{margin-bottom: 50px !important;}&#8221;][vc_column width=&#8221;1\/3&#8243;][vc_hoverbox image=&#8221;20238&#8243; primary_title=&#8221;La Jurisdicci\u00f3n Universal como instrumento para la protecci\u00f3n de pueblos ind\u00edgenas: una gu\u00eda pr\u00e1ctica para defensores de derechos humanos&#8221; hover_title=&#8221;La Jurisdicci\u00f3n Universal como instrumento para la protecci\u00f3n de pueblos ind\u00edgenas: una gu\u00eda pr\u00e1ctica para defensores de derechos humanos&#8221; shape=&#8221;square&#8221; hover_background_color=&#8221;custom&#8221; hover_btn_title=&#8221;Descargar&#8221; hover_btn_style=&#8221;classic&#8221; hover_btn_color=&#8221;success&#8221; hover_btn_i_icon_fontawesome=&#8221;fa fa-file-pdf-o&#8221; hover_add_button=&#8221;true&#8221; hover_btn_add_icon=&#8221;true&#8221; hover_btn_link=&#8221;url:https%3A%2F%2Ffibgar.es%2Fwp-content%2Fuploads%2F2022%2F10%2F0718_JURISDICCION_UNIVERSAL_2.pdf|target:%20_blank|&#8221; hover_custom_background=&#8221;#f6f4ee&#8221;]<\/p>\n<h4>FIBGAR<\/h4>\n<p style=\"text-align: justify;\">Esta gu\u00eda pr\u00e1ctica provee de herramientas legales a los defensores de derechos humanos en relaci\u00f3n a las comunidades ind\u00edgena, y ofrece los elementos esenciales, as\u00ed como algunos aspectos pr\u00e1cticos, del principio de jurisdicci\u00f3n universal.<\/p>\n<p>[\/vc_hoverbox][\/vc_column][vc_column width=&#8221;1\/3&#8243;][vc_hoverbox image=&#8221;20236&#8243; primary_title=&#8221;El quinto acuerdo de La Habana. An\u00e1lisis y recomendaciones para la implementaci\u00f3n del acuerdo v\u00edctimas y justicia en Colombia&#8221; hover_title=&#8221;El quinto acuerdo de La Habana. An\u00e1lisis y recomendaciones para la implementaci\u00f3n del acuerdo v\u00edctimas y justicia en Colombia&#8221; shape=&#8221;square&#8221; hover_background_color=&#8221;custom&#8221; hover_btn_title=&#8221;Descargar&#8221; hover_btn_style=&#8221;classic&#8221; hover_btn_color=&#8221;success&#8221; hover_btn_i_icon_fontawesome=&#8221;fa fa-file-pdf-o&#8221; hover_add_button=&#8221;true&#8221; hover_btn_add_icon=&#8221;true&#8221; hover_btn_link=&#8221;url:https%3A%2F%2Ffibgar.es%2Fwp-content%2Fuploads%2F2022%2F10%2Fel-quinto-acuerdo-de-la-habana-analisis-y-recomendaciones-para-la-implementacion-del-acuerdo-victimas-y-justicia-en-colombia.pdf|target:%20_blank|&#8221; hover_custom_background=&#8221;#f6f4ee&#8221;]<\/p>\n<h4>FIBGAR<\/h4>\n<p style=\"text-align: justify;\">Informe elaborado coordinado por FIBGAR sobre el llamado quinto acuerdo de la Habana entre el Gobierno colombiano y las FARC-EP. Clara Rojas, Heidi Abuchaibe, Diego Garc\u00eda-Say\u00e1n, Baltasar Garz\u00f3n, Luis Jorge Garay, Fernando Vargas, Manuel Ramiro Mu\u00f1oz y Jos\u00e9 Ricardo de Prada Solaesa, analizan cada aspecto de el acuerdo sobre v\u00edctimas y emiten recomendaciones en cuanto a su implementaci\u00f3n.<\/p>\n<p>[\/vc_hoverbox][\/vc_column][vc_column width=&#8221;1\/3&#8243;][vc_hoverbox image=&#8221;20234&#8243; primary_title=&#8221;Derechos de Participaci\u00f3n de las Mujeres Refugiadas y Exiliadas en el Proceso de Justicia Transicional en Colombia&#8221; hover_title=&#8221;Derechos de Participaci\u00f3n de las Mujeres Refugiadas y Exiliadas en el Proceso de Justicia Transicional en Colombia&#8221; shape=&#8221;square&#8221; hover_background_color=&#8221;custom&#8221; hover_btn_title=&#8221;Descargar&#8221; hover_btn_style=&#8221;classic&#8221; hover_btn_color=&#8221;success&#8221; hover_btn_i_icon_fontawesome=&#8221;fa fa-file-pdf-o&#8221; hover_add_button=&#8221;true&#8221; hover_btn_add_icon=&#8221;true&#8221; hover_btn_link=&#8221;url:https%3A%2F%2Ffibgar.es%2Fwp-content%2Fuploads%2F2022%2F10%2Fderechos-de-participacion-de-las-mujeres-refugiadas-y-exiliadas-en-el-proceso-de-justicia-transicional-en-colombia.pdf|target:%20_blank|&#8221; hover_custom_background=&#8221;#f6f4ee&#8221;]<\/p>\n<h4>Asociaci\u00f3n de Mujeres de Guatemala AMG<\/h4>\n<p style=\"text-align: justify;\">An\u00e1lisis jur\u00eddico que parte de las graves violaciones de Derechos Humanos perpetradas en contra de las mujeres refugiadas y exiliadas, en el marco del conflicto armado en Colombia. Aborda el derecho de las v\u00edctimas a ser escuchadas, la participaci\u00f3n de las mujeres y la inclusi\u00f3n de las personas refugiadas y exiliadas en los procesos de justicia transicional y la importancia y pertinencia de de la participaci\u00f3n de las mujeres refugiadas y exiliadas en el proceso de justicia transicional en Colombia.<\/p>\n<p>[\/vc_hoverbox][\/vc_column][\/vc_row][vc_row][vc_column][vc_empty_space height=&#8221;100px&#8221;][\/vc_column][\/vc_row][vc_row content_width=&#8221;grid&#8221; css=&#8221;.vc_custom_1664870052898{margin-bottom: 50px !important;}&#8221;][vc_column width=&#8221;1\/3&#8243;][vc_hoverbox image=&#8221;20230&#8243; primary_title=&#8221;Relator\u00edas I Congreso Jurisdicci\u00f3n Universal&#8221; hover_title=&#8221;Relator\u00edas I Congreso Jurisdicci\u00f3n Universal&#8221; shape=&#8221;square&#8221; hover_background_color=&#8221;custom&#8221; hover_btn_title=&#8221;Descargar&#8221; hover_btn_style=&#8221;classic&#8221; hover_btn_color=&#8221;success&#8221; hover_btn_i_icon_fontawesome=&#8221;fa fa-file-pdf-o&#8221; hover_add_button=&#8221;true&#8221; hover_btn_add_icon=&#8221;true&#8221; hover_btn_link=&#8221;url:https%3A%2F%2Ffibgar.es%2Fwp-content%2Fuploads%2F2022%2F10%2Frelatorias-i-congreso-jurisdiccion-universal.pdf|target:%20_blank|&#8221; hover_custom_background=&#8221;#f6f4ee&#8221;]<\/p>\n<h4>FIBGAR<\/h4>\n<p style=\"text-align: justify;\">En 2014 tuvo lugar en Madrid el I Congreso de Jurisdicci\u00f3n Universal organizado por FIBGAR, un espacio de reflexi\u00f3n que reuni\u00f3 a 47 ponentes de 10 nacionalidades distintas, convirti\u00e9ndose en un evento pionero en Espa\u00f1a en materia de Jurisdicci\u00f3n Universal. Como conclusiones del Congreso se present\u00f3 la propuesta para la discusi\u00f3n de los nuevos principios sobre la Jurisdicci\u00f3n Universal.<\/p>\n<p>[\/vc_hoverbox][\/vc_column][vc_column width=&#8221;1\/3&#8243;][vc_hoverbox image=&#8221;20228&#8243; primary_title=&#8221;Principios Jurisdicci\u00f3n Universal&#8221; hover_title=&#8221;Principios Jurisdicci\u00f3n Universal&#8221; shape=&#8221;square&#8221; hover_background_color=&#8221;custom&#8221; hover_btn_title=&#8221;Descargar&#8221; hover_btn_style=&#8221;classic&#8221; hover_btn_color=&#8221;success&#8221; hover_btn_i_icon_fontawesome=&#8221;fa fa-file-pdf-o&#8221; hover_add_button=&#8221;true&#8221; hover_btn_add_icon=&#8221;true&#8221; hover_btn_link=&#8221;url:https%3A%2F%2Ffibgar.es%2Fwp-content%2Fuploads%2F2022%2F10%2F9758_100091_PRINCIPIOSMADRID_BUENOS-AIRES.pdf|target:%20_blank|&#8221; hover_custom_background=&#8221;#f6f4ee&#8221;]<\/p>\n<h4>FIBGAR<\/h4>\n<p style=\"text-align: justify;\">Principios elbaorados en el marco de los Congresos Jurisdicci\u00f3n Universal<\/p>\n<p>[\/vc_hoverbox][\/vc_column][vc_column width=&#8221;1\/3&#8243;][\/vc_column][\/vc_row]<\/p>\n<\/div>","protected":false},"excerpt":{"rendered":"<p>[vc_row content_width=&#8221;grid&#8221; css=&#8221;.vc_custom_1664870052898{margin-bottom: 50px !important;}&#8221;][vc_column width=&#8221;1\/3&#8243;][vc_hoverbox image=&#8221;20248&#8243; primary_title=&#8221;Definici\u00f3n Jur\u00eddica de Ecocidio por el Panel Internacional de Expertos&#8221; hover_title=&#8221;Definici\u00f3n Jur\u00eddica de Ecocidio por el Panel Internacional de Expertos&#8221; shape=&#8221;square&#8221; hover_background_color=&#8221;custom&#8221; hover_btn_title=&#8221;Descargar&#8221; hover_btn_style=&#8221;classic&#8221; hover_btn_color=&#8221;success&#8221; hover_btn_i_icon_fontawesome=&#8221;fa fa-file-pdf-o&#8221; hover_add_button=&#8221;true&#8221; hover_btn_add_icon=&#8221;true&#8221; hover_btn_link=&#8221;url:https%3A%2F%2Ffibgar.es%2Fwp-content%2Fuploads%2F2022%2F10%2FSEFoundationCommentaryandcoretextESrev3.pdf|target:%20_blank|&#8221; hover_custom_background=&#8221;#f6f4ee&#8221;] FIBGAR STOP ECOCIDE El Panel internacional de expertos en medio ambiente y derecho penal internacional de todo&#8230;<\/p>\n","protected":false},"author":1,"featured_media":0,"parent":0,"menu_order":0,"comment_status":"closed","ping_status":"closed","template":"full-width.php","meta":{"footnotes":""},"class_list":["post-21858","page","type-page","status-publish","hentry"],"yoast_head":"<!-- This site is optimized with the Yoast SEO plugin v27.3 - https:\/\/yoast.com\/product\/yoast-seo-wordpress\/ -->\n<title>Universal Jurisdiction - FIBGAR<\/title>\n<meta name=\"robots\" content=\"index, follow, max-snippet:-1, max-image-preview:large, max-video-preview:-1\" \/>\n<link rel=\"canonical\" href=\"https:\/\/fibgar.es\/en\/universal-jurisdiction\/\" \/>\n<meta property=\"og:locale\" content=\"en_US\" \/>\n<meta property=\"og:type\" content=\"article\" \/>\n<meta property=\"og:title\" content=\"Universal Jurisdiction - FIBGAR\" \/>\n<meta property=\"og:description\" content=\"[vc_row content_width=&#8221;grid&#8221; css=&#8221;.vc_custom_1664870052898{margin-bottom: 50px !important;}&#8221;][vc_column width=&#8221;1\/3&#8243;][vc_hoverbox image=&#8221;20248&#8243; primary_title=&#8221;Definici\u00f3n Jur\u00eddica de Ecocidio por el Panel Internacional de Expertos&#8221; hover_title=&#8221;Definici\u00f3n Jur\u00eddica de Ecocidio por el Panel Internacional de Expertos&#8221; shape=&#8221;square&#8221; hover_background_color=&#8221;custom&#8221; hover_btn_title=&#8221;Descargar&#8221; hover_btn_style=&#8221;classic&#8221; hover_btn_color=&#8221;success&#8221; hover_btn_i_icon_fontawesome=&#8221;fa fa-file-pdf-o&#8221; hover_add_button=&#8221;true&#8221; hover_btn_add_icon=&#8221;true&#8221; hover_btn_link=&#8221;url:https%3A%2F%2Ffibgar.es%2Fwp-content%2Fuploads%2F2022%2F10%2FSEFoundationCommentaryandcoretextESrev3.pdf|target:%20_blank|&#8221; hover_custom_background=&#8221;#f6f4ee&#8221;] FIBGAR STOP ECOCIDE El Panel internacional de expertos en medio ambiente y derecho penal internacional de todo...\" \/>\n<meta property=\"og:url\" content=\"https:\/\/fibgar.es\/en\/universal-jurisdiction\/\" \/>\n<meta property=\"og:site_name\" content=\"FIBGAR\" \/>\n<meta property=\"article:publisher\" content=\"https:\/\/www.facebook.com\/Fibgar\" \/>\n<meta property=\"article:modified_time\" content=\"2023-08-28T13:19:51+00:00\" \/>\n<meta name=\"twitter:card\" content=\"summary_large_image\" \/>\n<meta name=\"twitter:site\" content=\"@fibgar_\" \/>\n<meta name=\"twitter:label1\" content=\"Est. reading time\" \/>\n\t<meta name=\"twitter:data1\" content=\"5 minutes\" \/>\n<script type=\"application\/ld+json\" class=\"yoast-schema-graph\">{\"@context\":\"https:\\\/\\\/schema.org\",\"@graph\":[{\"@type\":\"WebPage\",\"@id\":\"https:\\\/\\\/fibgar.es\\\/en\\\/universal-jurisdiction\\\/\",\"url\":\"https:\\\/\\\/fibgar.es\\\/en\\\/universal-jurisdiction\\\/\",\"name\":\"Universal Jurisdiction - FIBGAR\",\"isPartOf\":{\"@id\":\"https:\\\/\\\/fibgar.es\\\/en\\\/#website\"},\"datePublished\":\"2022-10-17T08:26:17+00:00\",\"dateModified\":\"2023-08-28T13:19:51+00:00\",\"breadcrumb\":{\"@id\":\"https:\\\/\\\/fibgar.es\\\/en\\\/universal-jurisdiction\\\/#breadcrumb\"},\"inLanguage\":\"en-US\",\"potentialAction\":[{\"@type\":\"ReadAction\",\"target\":[\"https:\\\/\\\/fibgar.es\\\/en\\\/universal-jurisdiction\\\/\"]}]},{\"@type\":\"BreadcrumbList\",\"@id\":\"https:\\\/\\\/fibgar.es\\\/en\\\/universal-jurisdiction\\\/#breadcrumb\",\"itemListElement\":[{\"@type\":\"ListItem\",\"position\":1,\"name\":\"Home\",\"item\":\"https:\\\/\\\/fibgar.es\\\/en\\\/\"},{\"@type\":\"ListItem\",\"position\":2,\"name\":\"Universal Jurisdiction\"}]},{\"@type\":\"WebSite\",\"@id\":\"https:\\\/\\\/fibgar.es\\\/en\\\/#website\",\"url\":\"https:\\\/\\\/fibgar.es\\\/en\\\/\",\"name\":\"FIBGAR\",\"description\":\"Fundaci\u00f3n Internacional Baltasar Garz\u00f3n\",\"publisher\":{\"@id\":\"https:\\\/\\\/fibgar.es\\\/en\\\/#organization\"},\"alternateName\":\"FIBGAR\",\"potentialAction\":[{\"@type\":\"SearchAction\",\"target\":{\"@type\":\"EntryPoint\",\"urlTemplate\":\"https:\\\/\\\/fibgar.es\\\/en\\\/?s={search_term_string}\"},\"query-input\":{\"@type\":\"PropertyValueSpecification\",\"valueRequired\":true,\"valueName\":\"search_term_string\"}}],\"inLanguage\":\"en-US\"},{\"@type\":\"Organization\",\"@id\":\"https:\\\/\\\/fibgar.es\\\/en\\\/#organization\",\"name\":\"Fundaci\u00f3n Internacional Baltasar Garz\u00f3n\",\"alternateName\":\"FIBGAR\",\"url\":\"https:\\\/\\\/fibgar.es\\\/en\\\/\",\"logo\":{\"@type\":\"ImageObject\",\"inLanguage\":\"en-US\",\"@id\":\"https:\\\/\\\/fibgar.es\\\/en\\\/#\\\/schema\\\/logo\\\/image\\\/\",\"url\":\"https:\\\/\\\/fibgar.es\\\/wp-content\\\/uploads\\\/2020\\\/04\\\/cropped-fibgar-icono.jpeg\",\"contentUrl\":\"https:\\\/\\\/fibgar.es\\\/wp-content\\\/uploads\\\/2020\\\/04\\\/cropped-fibgar-icono.jpeg\",\"width\":512,\"height\":512,\"caption\":\"Fundaci\u00f3n Internacional Baltasar Garz\u00f3n\"},\"image\":{\"@id\":\"https:\\\/\\\/fibgar.es\\\/en\\\/#\\\/schema\\\/logo\\\/image\\\/\"},\"sameAs\":[\"https:\\\/\\\/www.facebook.com\\\/Fibgar\",\"https:\\\/\\\/x.com\\\/fibgar_\"]}]}<\/script>\n<!-- \/ Yoast SEO plugin. -->","yoast_head_json":{"title":"Universal Jurisdiction - FIBGAR","robots":{"index":"index","follow":"follow","max-snippet":"max-snippet:-1","max-image-preview":"max-image-preview:large","max-video-preview":"max-video-preview:-1"},"canonical":"https:\/\/fibgar.es\/en\/universal-jurisdiction\/","og_locale":"en_US","og_type":"article","og_title":"Universal Jurisdiction - FIBGAR","og_description":"[vc_row content_width=&#8221;grid&#8221; css=&#8221;.vc_custom_1664870052898{margin-bottom: 50px !important;}&#8221;][vc_column width=&#8221;1\/3&#8243;][vc_hoverbox image=&#8221;20248&#8243; primary_title=&#8221;Definici\u00f3n Jur\u00eddica de Ecocidio por el Panel Internacional de Expertos&#8221; hover_title=&#8221;Definici\u00f3n Jur\u00eddica de Ecocidio por el Panel Internacional de Expertos&#8221; shape=&#8221;square&#8221; hover_background_color=&#8221;custom&#8221; hover_btn_title=&#8221;Descargar&#8221; hover_btn_style=&#8221;classic&#8221; hover_btn_color=&#8221;success&#8221; hover_btn_i_icon_fontawesome=&#8221;fa fa-file-pdf-o&#8221; hover_add_button=&#8221;true&#8221; hover_btn_add_icon=&#8221;true&#8221; hover_btn_link=&#8221;url:https%3A%2F%2Ffibgar.es%2Fwp-content%2Fuploads%2F2022%2F10%2FSEFoundationCommentaryandcoretextESrev3.pdf|target:%20_blank|&#8221; hover_custom_background=&#8221;#f6f4ee&#8221;] FIBGAR STOP ECOCIDE El Panel internacional de expertos en medio ambiente y derecho penal internacional de todo...","og_url":"https:\/\/fibgar.es\/en\/universal-jurisdiction\/","og_site_name":"FIBGAR","article_publisher":"https:\/\/www.facebook.com\/Fibgar","article_modified_time":"2023-08-28T13:19:51+00:00","twitter_card":"summary_large_image","twitter_site":"@fibgar_","twitter_misc":{"Est. reading time":"5 minutes"},"schema":{"@context":"https:\/\/schema.org","@graph":[{"@type":"WebPage","@id":"https:\/\/fibgar.es\/en\/universal-jurisdiction\/","url":"https:\/\/fibgar.es\/en\/universal-jurisdiction\/","name":"Universal Jurisdiction - FIBGAR","isPartOf":{"@id":"https:\/\/fibgar.es\/en\/#website"},"datePublished":"2022-10-17T08:26:17+00:00","dateModified":"2023-08-28T13:19:51+00:00","breadcrumb":{"@id":"https:\/\/fibgar.es\/en\/universal-jurisdiction\/#breadcrumb"},"inLanguage":"en-US","potentialAction":[{"@type":"ReadAction","target":["https:\/\/fibgar.es\/en\/universal-jurisdiction\/"]}]},{"@type":"BreadcrumbList","@id":"https:\/\/fibgar.es\/en\/universal-jurisdiction\/#breadcrumb","itemListElement":[{"@type":"ListItem","position":1,"name":"Home","item":"https:\/\/fibgar.es\/en\/"},{"@type":"ListItem","position":2,"name":"Universal Jurisdiction"}]},{"@type":"WebSite","@id":"https:\/\/fibgar.es\/en\/#website","url":"https:\/\/fibgar.es\/en\/","name":"FIBGAR","description":"Fundaci\u00f3n Internacional Baltasar Garz\u00f3n","publisher":{"@id":"https:\/\/fibgar.es\/en\/#organization"},"alternateName":"FIBGAR","potentialAction":[{"@type":"SearchAction","target":{"@type":"EntryPoint","urlTemplate":"https:\/\/fibgar.es\/en\/?s={search_term_string}"},"query-input":{"@type":"PropertyValueSpecification","valueRequired":true,"valueName":"search_term_string"}}],"inLanguage":"en-US"},{"@type":"Organization","@id":"https:\/\/fibgar.es\/en\/#organization","name":"Fundaci\u00f3n Internacional Baltasar Garz\u00f3n","alternateName":"FIBGAR","url":"https:\/\/fibgar.es\/en\/","logo":{"@type":"ImageObject","inLanguage":"en-US","@id":"https:\/\/fibgar.es\/en\/#\/schema\/logo\/image\/","url":"https:\/\/fibgar.es\/wp-content\/uploads\/2020\/04\/cropped-fibgar-icono.jpeg","contentUrl":"https:\/\/fibgar.es\/wp-content\/uploads\/2020\/04\/cropped-fibgar-icono.jpeg","width":512,"height":512,"caption":"Fundaci\u00f3n Internacional Baltasar Garz\u00f3n"},"image":{"@id":"https:\/\/fibgar.es\/en\/#\/schema\/logo\/image\/"},"sameAs":["https:\/\/www.facebook.com\/Fibgar","https:\/\/x.com\/fibgar_"]}]}},"_links":{"self":[{"href":"https:\/\/fibgar.es\/en\/wp-json\/wp\/v2\/pages\/21858","targetHints":{"allow":["GET"]}}],"collection":[{"href":"https:\/\/fibgar.es\/en\/wp-json\/wp\/v2\/pages"}],"about":[{"href":"https:\/\/fibgar.es\/en\/wp-json\/wp\/v2\/types\/page"}],"author":[{"embeddable":true,"href":"https:\/\/fibgar.es\/en\/wp-json\/wp\/v2\/users\/1"}],"replies":[{"embeddable":true,"href":"https:\/\/fibgar.es\/en\/wp-json\/wp\/v2\/comments?post=21858"}],"version-history":[{"count":2,"href":"https:\/\/fibgar.es\/en\/wp-json\/wp\/v2\/pages\/21858\/revisions"}],"predecessor-version":[{"id":21860,"href":"https:\/\/fibgar.es\/en\/wp-json\/wp\/v2\/pages\/21858\/revisions\/21860"}],"wp:attachment":[{"href":"https:\/\/fibgar.es\/en\/wp-json\/wp\/v2\/media?parent=21858"}],"curies":[{"name":"wp","href":"https:\/\/api.w.org\/{rel}","templated":true}]}}