{"id":21867,"date":"2020-06-30T13:30:45","date_gmt":"2020-06-30T11:30:45","guid":{"rendered":"https:\/\/fibgar.es\/cookies-policy\/"},"modified":"2020-06-30T13:30:45","modified_gmt":"2020-06-30T11:30:45","slug":"cookies-policy","status":"publish","type":"page","link":"https:\/\/fibgar.es\/en\/cookies-policy\/","title":{"rendered":"Cookies policy"},"content":{"rendered":"<p><b>COOKIES POLICY<\/b><\/p>\n<p><b>\u00bfQu\u00e9 son las cookies?<\/b><\/p>\n<p><span style=\"font-weight: 400;\">Las cookies son procedimientos autom\u00e1ticos de recogida de informaci\u00f3n relativa a la visita de un usuario a una determinada p\u00e1gina web y almacenada en el navegador del usuario, de manera que el sitio web puede consultar la actividad previa del usuario. Poseen una fecha de caducidad, que puede oscilar desde el tiempo que dure la sesi\u00f3n (cookies de sesi\u00f3n), hasta una fecha futura especificada a partir de la cual dejan de ser operativas (cookies persistentes). Ninguna cookie puede extraer informaci\u00f3n del disco duro del usuario o robar informaci\u00f3n personal.<\/span><\/p>\n<p><b>\u00bfQu\u00e9 cookies utilizamos? <\/b><\/p>\n<p><span style=\"font-weight: 400;\">En la web fibgar.org, de la FUNDACI\u00d3N INTERNACIONAL BALTASAR GARZ\u00d3N (en adelante FIBGAR), usamos cookies para ayudar a analizar el uso que hacen los usuarios del Sitio Web y optimizar su uso, as\u00ed como cookies necesarias para el correcto funcionamiento del Sitio Web<\/span><span style=\"font-weight: 400;\">.  <\/span><span style=\"font-weight: 400;\">El objetivo de la utilizaci\u00f3n de cookies es parametrizar el acceso al Sitio Web con el prop\u00f3sito de optimizar la navegaci\u00f3n y el funcionamiento de la Web, as\u00ed como mejorar nuestros servicios. <\/span><\/p>\n<p><span style=\"font-weight: 400;\">En concreto, FIBGAR utiliza las siguientes cookies en el Sitio Web:<\/span><\/p>\n<ul>\n<li style=\"font-weight: 400;\"><span style=\"font-weight: 400;\">Cookies t\u00e9cnicas: utilizadas para el mejor funcionamiento del Sitio web, como, por ejemplo, para la identificaci\u00f3n del usuario; el mantenimiento de la sesi\u00f3n cuando navega por la p\u00e1gina; etc&#8230; La desactivaci\u00f3n de estas cookies puede impedir el funcionamiento correcto de algunas de las funcionalidades del Sitio web.<\/span><\/li>\n<li style=\"font-weight: 400;\"><span style=\"font-weight: 400;\">Cookies de preferencias o personalizaci\u00f3n: permiten recordar informaci\u00f3n para que el usuario acceda al servicio con determinadas caracter\u00edsticas que pueden diferenciar su experiencia de la de otros usuarios, como, por ejemplo, el idioma, el aspecto o contenido del servicio en funci\u00f3n de la regi\u00f3n desde la que acceda, etc.<\/span><\/li>\n<li style=\"font-weight: 400;\"><span style=\"font-weight: 400;\">Almacenamiento local: es decir, cualquier fichero creado por el Sitio web en su dispositivo de navegaci\u00f3n. <\/span><\/li>\n<\/ul>\n<p><b>\u00bfSe realiza el tratamiento de datos personales a trav\u00e9s de cookies?<\/b><\/p>\n<p><span style=\"font-weight: 400;\">En aquellos casos en que las cookies permitan la identificaci\u00f3n del usuario, FIBGAR le informa que es Responsable del Tratamiento de estos datos y que los tratar\u00e1 conforme a la Pol\u00edtica de Privacidad publicada en el footer del Sitio web.<\/span><\/p>\n<p><b>\u00bfC\u00f3mo eliminarlas?<\/b><\/p>\n<p><span style=\"font-weight: 400;\">Usted puede f\u00e1cilmente rechazar y eliminar las cookies instaladas en su ordenador. Los procedimientos para el bloqueo y eliminaci\u00f3n de las cookies pueden diferir de un navegador de Internet a otro. A continuaci\u00f3n, le proporcionamos los links para la configuraci\u00f3n en los principales navegadores: <\/span><\/p>\n<ul>\n<li style=\"list-style-type: none;\">\n<ul>\n<li style=\"font-weight: 400;\"><b>Chrome<\/b><span style=\"font-weight: 400;\">: <\/span><a href=\"http:\/\/support.google.com\/chrome\/bin\/answer.py?hl=es&amp;answer=95647\"><span style=\"font-weight: 400;\">http:\/\/support.google.com\/chrome\/bin\/answer.py?hl=es&amp;answer=95647<\/span><\/a><span style=\"font-weight: 400;\">  <\/span><\/li>\n<li style=\"font-weight: 400;\"><b>Explorer<\/b><span style=\"font-weight: 400;\">: <\/span><a href=\"https:\/\/support.microsoft.com\/es-es\/help\/17442\/windows-internet-explorer-delete-manage-cookies\"><span style=\"font-weight: 400;\">https:\/\/support.microsoft.com\/es-es\/help\/17442\/windows-internet-explorer-delete-manage-cookies<\/span><\/a><span style=\"font-weight: 400;\"> <\/span><\/li>\n<li style=\"font-weight: 400;\"><b>Firefox<\/b><span style=\"font-weight: 400;\">: <\/span><a href=\"http:\/\/support.mozilla.org\/es\/kb\/habilitar-y-deshabilitar-cookies-que-los-sitios-we\"><span style=\"font-weight: 400;\">http:\/\/support.mozilla.org\/es\/kb\/habilitar-y-deshabilitar-cookies-que-los-sitios-we<\/span><\/a><span style=\"font-weight: 400;\"> <\/span><\/li>\n<li style=\"font-weight: 400;\"><b>Safari<\/b><span style=\"font-weight: 400;\">: <\/span><a href=\"https:\/\/support.apple.com\/kb\/ph19214?locale=es_ES\"><span style=\"font-weight: 400;\">https:\/\/support.apple.com\/kb\/ph19214?locale=es_ES<\/span><\/a><span style=\"font-weight: 400;\"> <\/span><\/li>\n<\/ul>\n<\/li>\n<\/ul>\n","protected":false},"excerpt":{"rendered":"<p>COOKIES POLICY \u00bfQu\u00e9 son las cookies? Las cookies son procedimientos autom\u00e1ticos de recogida de informaci\u00f3n relativa a la visita de un usuario a una determinada p\u00e1gina web y almacenada en el navegador del usuario, de manera que el sitio web puede consultar la actividad previa del usuario. Poseen una fecha de caducidad, que puede oscilar&#8230;<\/p>\n","protected":false},"author":1,"featured_media":0,"parent":0,"menu_order":0,"comment_status":"closed","ping_status":"closed","template":"","meta":{"footnotes":""},"class_list":["post-21867","page","type-page","status-publish","hentry"],"yoast_head":"<!-- This site is optimized with the Yoast SEO plugin v27.4 - https:\/\/yoast.com\/product\/yoast-seo-wordpress\/ -->\n<title>Cookies policy - FIBGAR<\/title>\n<meta name=\"robots\" content=\"index, follow, max-snippet:-1, max-image-preview:large, max-video-preview:-1\" \/>\n<link rel=\"canonical\" href=\"https:\/\/fibgar.es\/en\/cookies-policy\/\" \/>\n<meta property=\"og:locale\" content=\"en_US\" \/>\n<meta property=\"og:type\" content=\"article\" \/>\n<meta property=\"og:title\" content=\"Cookies policy - FIBGAR\" \/>\n<meta property=\"og:description\" content=\"COOKIES POLICY \u00bfQu\u00e9 son las cookies? Las cookies son procedimientos autom\u00e1ticos de recogida de informaci\u00f3n relativa a la visita de un usuario a una determinada p\u00e1gina web y almacenada en el navegador del usuario, de manera que el sitio web puede consultar la actividad previa del usuario. Poseen una fecha de caducidad, que puede oscilar...\" \/>\n<meta property=\"og:url\" content=\"https:\/\/fibgar.es\/en\/cookies-policy\/\" \/>\n<meta property=\"og:site_name\" content=\"FIBGAR\" \/>\n<meta property=\"article:publisher\" content=\"https:\/\/www.facebook.com\/Fibgar\" \/>\n<meta name=\"twitter:card\" content=\"summary_large_image\" \/>\n<meta name=\"twitter:site\" content=\"@fibgar_\" \/>\n<meta name=\"twitter:label1\" content=\"Est. reading time\" \/>\n\t<meta name=\"twitter:data1\" content=\"2 minutes\" \/>\n<script type=\"application\/ld+json\" class=\"yoast-schema-graph\">{\"@context\":\"https:\\\/\\\/schema.org\",\"@graph\":[{\"@type\":\"WebPage\",\"@id\":\"https:\\\/\\\/fibgar.es\\\/en\\\/cookies-policy\\\/\",\"url\":\"https:\\\/\\\/fibgar.es\\\/en\\\/cookies-policy\\\/\",\"name\":\"Cookies policy - FIBGAR\",\"isPartOf\":{\"@id\":\"https:\\\/\\\/fibgar.es\\\/en\\\/#website\"},\"datePublished\":\"2020-06-30T11:30:45+00:00\",\"breadcrumb\":{\"@id\":\"https:\\\/\\\/fibgar.es\\\/en\\\/cookies-policy\\\/#breadcrumb\"},\"inLanguage\":\"en-US\",\"potentialAction\":[{\"@type\":\"ReadAction\",\"target\":[\"https:\\\/\\\/fibgar.es\\\/en\\\/cookies-policy\\\/\"]}]},{\"@type\":\"BreadcrumbList\",\"@id\":\"https:\\\/\\\/fibgar.es\\\/en\\\/cookies-policy\\\/#breadcrumb\",\"itemListElement\":[{\"@type\":\"ListItem\",\"position\":1,\"name\":\"Home\",\"item\":\"https:\\\/\\\/fibgar.es\\\/en\\\/\"},{\"@type\":\"ListItem\",\"position\":2,\"name\":\"Cookies policy\"}]},{\"@type\":\"WebSite\",\"@id\":\"https:\\\/\\\/fibgar.es\\\/en\\\/#website\",\"url\":\"https:\\\/\\\/fibgar.es\\\/en\\\/\",\"name\":\"FIBGAR\",\"description\":\"Fundaci\u00f3n Internacional Baltasar Garz\u00f3n\",\"publisher\":{\"@id\":\"https:\\\/\\\/fibgar.es\\\/en\\\/#organization\"},\"alternateName\":\"FIBGAR\",\"potentialAction\":[{\"@type\":\"SearchAction\",\"target\":{\"@type\":\"EntryPoint\",\"urlTemplate\":\"https:\\\/\\\/fibgar.es\\\/en\\\/?s={search_term_string}\"},\"query-input\":{\"@type\":\"PropertyValueSpecification\",\"valueRequired\":true,\"valueName\":\"search_term_string\"}}],\"inLanguage\":\"en-US\"},{\"@type\":\"Organization\",\"@id\":\"https:\\\/\\\/fibgar.es\\\/en\\\/#organization\",\"name\":\"Fundaci\u00f3n Internacional Baltasar Garz\u00f3n\",\"alternateName\":\"FIBGAR\",\"url\":\"https:\\\/\\\/fibgar.es\\\/en\\\/\",\"logo\":{\"@type\":\"ImageObject\",\"inLanguage\":\"en-US\",\"@id\":\"https:\\\/\\\/fibgar.es\\\/en\\\/#\\\/schema\\\/logo\\\/image\\\/\",\"url\":\"https:\\\/\\\/fibgar.es\\\/wp-content\\\/uploads\\\/2020\\\/04\\\/cropped-fibgar-icono.jpeg\",\"contentUrl\":\"https:\\\/\\\/fibgar.es\\\/wp-content\\\/uploads\\\/2020\\\/04\\\/cropped-fibgar-icono.jpeg\",\"width\":512,\"height\":512,\"caption\":\"Fundaci\u00f3n Internacional Baltasar Garz\u00f3n\"},\"image\":{\"@id\":\"https:\\\/\\\/fibgar.es\\\/en\\\/#\\\/schema\\\/logo\\\/image\\\/\"},\"sameAs\":[\"https:\\\/\\\/www.facebook.com\\\/Fibgar\",\"https:\\\/\\\/x.com\\\/fibgar_\"]}]}<\/script>\n<!-- \/ Yoast SEO plugin. -->","yoast_head_json":{"title":"Cookies policy - FIBGAR","robots":{"index":"index","follow":"follow","max-snippet":"max-snippet:-1","max-image-preview":"max-image-preview:large","max-video-preview":"max-video-preview:-1"},"canonical":"https:\/\/fibgar.es\/en\/cookies-policy\/","og_locale":"en_US","og_type":"article","og_title":"Cookies policy - FIBGAR","og_description":"COOKIES POLICY \u00bfQu\u00e9 son las cookies? Las cookies son procedimientos autom\u00e1ticos de recogida de informaci\u00f3n relativa a la visita de un usuario a una determinada p\u00e1gina web y almacenada en el navegador del usuario, de manera que el sitio web puede consultar la actividad previa del usuario. Poseen una fecha de caducidad, que puede oscilar...","og_url":"https:\/\/fibgar.es\/en\/cookies-policy\/","og_site_name":"FIBGAR","article_publisher":"https:\/\/www.facebook.com\/Fibgar","twitter_card":"summary_large_image","twitter_site":"@fibgar_","twitter_misc":{"Est. reading time":"2 minutes"},"schema":{"@context":"https:\/\/schema.org","@graph":[{"@type":"WebPage","@id":"https:\/\/fibgar.es\/en\/cookies-policy\/","url":"https:\/\/fibgar.es\/en\/cookies-policy\/","name":"Cookies policy - FIBGAR","isPartOf":{"@id":"https:\/\/fibgar.es\/en\/#website"},"datePublished":"2020-06-30T11:30:45+00:00","breadcrumb":{"@id":"https:\/\/fibgar.es\/en\/cookies-policy\/#breadcrumb"},"inLanguage":"en-US","potentialAction":[{"@type":"ReadAction","target":["https:\/\/fibgar.es\/en\/cookies-policy\/"]}]},{"@type":"BreadcrumbList","@id":"https:\/\/fibgar.es\/en\/cookies-policy\/#breadcrumb","itemListElement":[{"@type":"ListItem","position":1,"name":"Home","item":"https:\/\/fibgar.es\/en\/"},{"@type":"ListItem","position":2,"name":"Cookies policy"}]},{"@type":"WebSite","@id":"https:\/\/fibgar.es\/en\/#website","url":"https:\/\/fibgar.es\/en\/","name":"FIBGAR","description":"Fundaci\u00f3n Internacional Baltasar Garz\u00f3n","publisher":{"@id":"https:\/\/fibgar.es\/en\/#organization"},"alternateName":"FIBGAR","potentialAction":[{"@type":"SearchAction","target":{"@type":"EntryPoint","urlTemplate":"https:\/\/fibgar.es\/en\/?s={search_term_string}"},"query-input":{"@type":"PropertyValueSpecification","valueRequired":true,"valueName":"search_term_string"}}],"inLanguage":"en-US"},{"@type":"Organization","@id":"https:\/\/fibgar.es\/en\/#organization","name":"Fundaci\u00f3n Internacional Baltasar Garz\u00f3n","alternateName":"FIBGAR","url":"https:\/\/fibgar.es\/en\/","logo":{"@type":"ImageObject","inLanguage":"en-US","@id":"https:\/\/fibgar.es\/en\/#\/schema\/logo\/image\/","url":"https:\/\/fibgar.es\/wp-content\/uploads\/2020\/04\/cropped-fibgar-icono.jpeg","contentUrl":"https:\/\/fibgar.es\/wp-content\/uploads\/2020\/04\/cropped-fibgar-icono.jpeg","width":512,"height":512,"caption":"Fundaci\u00f3n Internacional Baltasar Garz\u00f3n"},"image":{"@id":"https:\/\/fibgar.es\/en\/#\/schema\/logo\/image\/"},"sameAs":["https:\/\/www.facebook.com\/Fibgar","https:\/\/x.com\/fibgar_"]}]}},"_links":{"self":[{"href":"https:\/\/fibgar.es\/en\/wp-json\/wp\/v2\/pages\/21867","targetHints":{"allow":["GET"]}}],"collection":[{"href":"https:\/\/fibgar.es\/en\/wp-json\/wp\/v2\/pages"}],"about":[{"href":"https:\/\/fibgar.es\/en\/wp-json\/wp\/v2\/types\/page"}],"author":[{"embeddable":true,"href":"https:\/\/fibgar.es\/en\/wp-json\/wp\/v2\/users\/1"}],"replies":[{"embeddable":true,"href":"https:\/\/fibgar.es\/en\/wp-json\/wp\/v2\/comments?post=21867"}],"version-history":[{"count":0,"href":"https:\/\/fibgar.es\/en\/wp-json\/wp\/v2\/pages\/21867\/revisions"}],"wp:attachment":[{"href":"https:\/\/fibgar.es\/en\/wp-json\/wp\/v2\/media?parent=21867"}],"curies":[{"name":"wp","href":"https:\/\/api.w.org\/{rel}","templated":true}]}}